{"id":2152,"date":"2019-10-15T11:12:46","date_gmt":"2019-10-15T08:12:46","guid":{"rendered":"https:\/\/www.nelostienkorjaamo.fi\/www\/?page_id=2152"},"modified":"2025-10-29T15:18:04","modified_gmt":"2025-10-29T13:18:04","slug":"katsastuspalvelut","status":"publish","type":"page","link":"https:\/\/www.nelostienkorjaamo.fi\/www\/katsastuspalvelut\/","title":{"rendered":"Katsastuspalvelut"},"content":{"rendered":"<div class=\"wpb-content-wrapper\"><p>[vc_row css=&#8221;.vc_custom_1560787254950{padding-bottom: 40px !important;}&#8221;][vc_column css=&#8221;.vc_custom_1560796177669{padding-bottom: 60px !important;}&#8221;]<div id=\"ultimate-heading-156469fb2fc1e5c10\" class=\"uvc-heading ult-adjust-bottom-margin ultimate-heading-156469fb2fc1e5c10 uvc-2559  uvc-heading-default-font-sizes\" data-hspacer=\"no_spacer\"  data-halign=\"center\" style=\"text-align:center\"><div class=\"uvc-heading-spacer no_spacer\" style=\"top\"><\/div><div class=\"uvc-main-heading ult-responsive\"  data-ultimate-target='.uvc-heading.ultimate-heading-156469fb2fc1e5c10 h1'  data-responsive-json-new='{\"font-size\":\"\",\"line-height\":\"\"}' ><h1 style=\"font-weight:bold;margin-bottom:10px;\">Raskaan kaluston katsastuspalvelut<\/h1><\/div><div class=\"uvc-sub-heading ult-responsive\"  data-ultimate-target='.uvc-heading.ultimate-heading-156469fb2fc1e5c10 .uvc-sub-heading '  data-responsive-json-new='{\"font-size\":\"desktop:24px;\",\"line-height\":\"desktop:34px;\"}'  style=\"font-weight:bold;color:#e2001a;\">Nelostien Korjaamo | K\u00e4rs\u00e4m\u00e4ki<\/p>\n<p><\/div><\/div>[\/vc_column][vc_column width=&#8221;1\/2&#8243;][vc_column_text css=&#8221;&#8221;]Tarjoamme asiakkaillemme katsastukset avaimet k\u00e4teen periaatteella. Varaat meilt\u00e4 ajan katsastukselle ja ammattimainen korjaamohenkil\u00f6kuntamme hoitaa loput.[\/vc_column_text][vc_empty_space]<div class=\"standard-arrow bullet-top\"><ul>\n<li>raskaan kaluston katsastuspalvelut<\/li>\n<li>p\u00e4\u00e4st\u00f6mittaukset<\/li>\n<li>jarrusovitukset<\/li>\n<li>ajopiirtureiden kalibroinnit<\/li>\n<li>nopeudenrajoittajien tarkastukset<\/li>\n<li>p\u00e4\u00e4st\u00f6mittaukset sek\u00e4 obd-testit<\/li>\n<\/ul>\n<\/div>[vc_empty_space]<div id=\"ultimate-heading-643269fb2fc1e5d65\" class=\"uvc-heading ult-adjust-bottom-margin ultimate-heading-643269fb2fc1e5d65 uvc-701 \" data-hspacer=\"no_spacer\"  data-halign=\"left\" style=\"text-align:left\"><div class=\"uvc-heading-spacer no_spacer\" style=\"top\"><\/div><div class=\"uvc-main-heading ult-responsive\"  data-ultimate-target='.uvc-heading.ultimate-heading-643269fb2fc1e5d65 h2'  data-responsive-json-new='{\"font-size\":\"desktop:25px;\",\"line-height\":\"\"}' ><h2 style=\"font-weight:bold;color:#e2001a;margin-bottom:20px;\">Katsastus avoinna<\/h2><\/div><\/div>[vc_column_text css=&#8221;&#8221;]Katsastus on auki arkisin klo 8-16.[\/vc_column_text][vc_empty_space][vc_btn title=&#8221;OTA YHTEYTT\u00c4&#8221; style=&#8221;custom&#8221; custom_background=&#8221;#e2001a&#8221; custom_text=&#8221;#ffffff&#8221; shape=&#8221;square&#8221; size=&#8221;lg&#8221; align=&#8221;center&#8221; i_align=&#8221;right&#8221; i_icon_fontawesome=&#8221;fa fa-caret-right&#8221; button_block=&#8221;true&#8221; add_icon=&#8221;true&#8221; link=&#8221;url:https%3A%2F%2Fwww.nelostienkorjaamo.fi%2Fwww%2Fcontact%2F|title:Korjaamo||&#8221;][vc_empty_space][\/vc_column][vc_column width=&#8221;1\/2&#8243;]<style type=\"text\/css\" data-type=\"the7_shortcodes-inline-css\">.shortcode-single-image-wrap.shortcode-single-image-22a15d88d621d8438bd1e142a97f6e35.enable-bg-rollover .rollover i,\n.shortcode-single-image-wrap.shortcode-single-image-22a15d88d621d8438bd1e142a97f6e35.enable-bg-rollover .rollover-video i {\n  background: -webkit-linear-gradient();\n  background: linear-gradient();\n}\n.shortcode-single-image-wrap.shortcode-single-image-22a15d88d621d8438bd1e142a97f6e35 .rollover-icon {\n  font-size: 32px;\n  color: #ffffff;\n  min-width: 44px;\n  min-height: 44px;\n  line-height: 44px;\n  border-radius: 100px;\n  border-style: solid;\n  border-width: 0px;\n}\n.dt-icon-bg-on.shortcode-single-image-wrap.shortcode-single-image-22a15d88d621d8438bd1e142a97f6e35 .rollover-icon {\n  background: rgba(255,255,255,0.3);\n  box-shadow: none;\n}<\/style><div class=\"shortcode-single-image-wrap shortcode-single-image-22a15d88d621d8438bd1e142a97f6e35 alignnone  enable-bg-rollover dt-icon-bg-off\" style=\"margin-top:0px; margin-bottom:0px; margin-left:0px; margin-right:0px; width:600px;\"><div class=\"shortcode-single-image\"><div class=\"fancy-media-wrap  layzr-bg\" style=\"\"><img fetchpriority=\"high\" decoding=\"async\" class=\"preload-me lazy-load aspect\" src=\"data:image\/svg+xml,%3Csvg%20xmlns%3D&#39;http%3A%2F%2Fwww.w3.org%2F2000%2Fsvg&#39;%20viewBox%3D&#39;0%200%20600%20600&#39;%2F%3E\" data-src=\"https:\/\/www.nelostienkorjaamo.fi\/www\/wp-content\/uploads\/2025\/10\/kuva-katsastus-2025-600x600.jpg\" data-srcset=\"https:\/\/www.nelostienkorjaamo.fi\/www\/wp-content\/uploads\/2025\/10\/kuva-katsastus-2025-600x600.jpg 600w, https:\/\/www.nelostienkorjaamo.fi\/www\/wp-content\/uploads\/2025\/10\/kuva-katsastus-2025.jpg 800w\" loading=\"eager\" sizes=\"(max-width: 600px) 100vw, 600px\" width=\"600\" height=\"600\"  data-dt-location=\"https:\/\/www.nelostienkorjaamo.fi\/www\/katsastuspalvelut\/kuva-katsastus-2025\/\" style=\"--ratio: 600 \/ 600;\" alt=\"Katsastuspalvelut - Nelostien Korjaamo\" \/><\/div><\/div><\/div>[\/vc_column][\/vc_row][vc_row bg_type=&#8221;bg_color&#8221; bg_override=&#8221;ex-full&#8221; fadeout_row=&#8221;fadeout_row_value&#8221; fadeout_start_effect=&#8221;30&#8243; seperator_enable=&#8221;seperator_enable_value&#8221; seperator_type=&#8221;tilt_left_seperator&#8221; seperator_svg_height=&#8221;100&#8243; css=&#8221;.vc_custom_1761741781888{margin-bottom: 0px !important;padding-bottom: 0px !important;background-color: #e2001a !important;}&#8221; bg_color_value=&#8221;#e2001a&#8221;][vc_column css=&#8221;.vc_custom_1712912718617{padding-top: 120px !important;padding-bottom: 80px !important;}&#8221;]<div id=\"ultimate-heading-473669fb2fc1e6e76\" class=\"uvc-heading ult-adjust-bottom-margin ultimate-heading-473669fb2fc1e6e76 uvc-9359 accent-subtitle-color uvc-heading-default-font-sizes\" data-hspacer=\"no_spacer\"  data-halign=\"center\" style=\"text-align:center\"><div class=\"uvc-heading-spacer no_spacer\" style=\"top\"><\/div><div class=\"uvc-main-heading ult-responsive\"  data-ultimate-target='.uvc-heading.ultimate-heading-473669fb2fc1e6e76 h2'  data-responsive-json-new='{\"font-size\":\"\",\"line-height\":\"\"}' ><h2 style=\"font-weight:bold;color:#ffffff;margin-bottom:25px;\">Olemme avoinna arkisin klo 8-16<\/h2><\/div><\/div><div id=\"ultimate-heading-110969fb2fc1e6ef6\" class=\"uvc-heading ult-adjust-bottom-margin ultimate-heading-110969fb2fc1e6ef6 uvc-7339 accent-subtitle-color\" data-hspacer=\"no_spacer\"  data-halign=\"center\" style=\"text-align:center\"><div class=\"uvc-heading-spacer no_spacer\" style=\"top\"><\/div><div class=\"uvc-main-heading ult-responsive\"  data-ultimate-target='.uvc-heading.ultimate-heading-110969fb2fc1e6ef6 h3'  data-responsive-json-new='{\"font-size\":\"desktop:20px;\",\"line-height\":\"\"}' ><h3 style=\"font-weight:bold;color:#ffffff;margin-top:-10px;margin-bottom:-10px;\">Muina aikoina katsastus on auki sopimuksen mukaan.<\/h3><\/div><\/div>[\/vc_column][\/vc_row]<\/p>\n<\/div>","protected":false},"excerpt":{"rendered":"<p>[vc_row css=&#8221;.vc_custom_1560787254950{padding-bottom: 40px !important;}&#8221;][vc_column css=&#8221;.vc_custom_1560796177669{padding-bottom: 60px !important;}&#8221;][\/vc_column][vc_column width=&#8221;1\/2&#8243;][vc_column_text css=&#8221;&#8221;]Tarjoamme asiakkaillemme katsastukset avaimet k\u00e4teen periaatteella. Varaat meilt\u00e4 ajan katsastukselle ja ammattimainen korjaamohenkil\u00f6kuntamme hoitaa loput.[\/vc_column_text][vc_empty_space][vc_empty_space][vc_column_text css=&#8221;&#8221;]Katsastus on auki arkisin klo 8-16.[\/vc_column_text][vc_empty_space][vc_btn title=&#8221;OTA YHTEYTT\u00c4&#8221; style=&#8221;custom&#8221; custom_background=&#8221;#e2001a&#8221; custom_text=&#8221;#ffffff&#8221; shape=&#8221;square&#8221; size=&#8221;lg&#8221; align=&#8221;center&#8221; i_align=&#8221;right&#8221; i_icon_fontawesome=&#8221;fa fa-caret-right&#8221; button_block=&#8221;true&#8221; add_icon=&#8221;true&#8221; link=&#8221;url:https%3A%2F%2Fwww.nelostienkorjaamo.fi%2Fwww%2Fcontact%2F|title:Korjaamo||&#8221;][vc_empty_space][\/vc_column][vc_column width=&#8221;1\/2&#8243;][\/vc_column][\/vc_row][vc_row bg_type=&#8221;bg_color&#8221; bg_override=&#8221;ex-full&#8221; fadeout_row=&#8221;fadeout_row_value&#8221; fadeout_start_effect=&#8221;30&#8243; seperator_enable=&#8221;seperator_enable_value&#8221; seperator_type=&#8221;tilt_left_seperator&#8221; seperator_svg_height=&#8221;100&#8243; css=&#8221;.vc_custom_1761741781888{margin-bottom: 0px !important;padding-bottom: 0px&hellip;<\/p>\n","protected":false},"author":1,"featured_media":0,"parent":0,"menu_order":0,"comment_status":"closed","ping_status":"closed","template":"","meta":{"footnotes":""},"class_list":["post-2152","page","type-page","status-publish","hentry","description-off"],"_links":{"self":[{"href":"https:\/\/www.nelostienkorjaamo.fi\/www\/wp-json\/wp\/v2\/pages\/2152","targetHints":{"allow":["GET"]}}],"collection":[{"href":"https:\/\/www.nelostienkorjaamo.fi\/www\/wp-json\/wp\/v2\/pages"}],"about":[{"href":"https:\/\/www.nelostienkorjaamo.fi\/www\/wp-json\/wp\/v2\/types\/page"}],"author":[{"embeddable":true,"href":"https:\/\/www.nelostienkorjaamo.fi\/www\/wp-json\/wp\/v2\/users\/1"}],"replies":[{"embeddable":true,"href":"https:\/\/www.nelostienkorjaamo.fi\/www\/wp-json\/wp\/v2\/comments?post=2152"}],"version-history":[{"count":14,"href":"https:\/\/www.nelostienkorjaamo.fi\/www\/wp-json\/wp\/v2\/pages\/2152\/revisions"}],"predecessor-version":[{"id":2345,"href":"https:\/\/www.nelostienkorjaamo.fi\/www\/wp-json\/wp\/v2\/pages\/2152\/revisions\/2345"}],"wp:attachment":[{"href":"https:\/\/www.nelostienkorjaamo.fi\/www\/wp-json\/wp\/v2\/media?parent=2152"}],"curies":[{"name":"wp","href":"https:\/\/api.w.org\/{rel}","templated":true}]}}