{"id":260,"date":"2018-10-30T18:20:12","date_gmt":"2018-10-30T18:20:12","guid":{"rendered":"https:\/\/the7.io\/g-business\/?page_id=260"},"modified":"2025-10-29T14:39:46","modified_gmt":"2025-10-29T12:39:46","slug":"contact","status":"publish","type":"page","link":"https:\/\/www.nelostienkorjaamo.fi\/www\/contact\/","title":{"rendered":"Yhteystiedot"},"content":{"rendered":"<div class=\"wpb-content-wrapper\"><p>[vc_row css=&#8221;.vc_custom_1571128872311{padding-bottom: 40px !important;}&#8221;][vc_column]<div id=\"ultimate-heading-65069fb2fd4723ef\" class=\"uvc-heading ult-adjust-bottom-margin ultimate-heading-65069fb2fd4723ef uvc-1990  uvc-heading-default-font-sizes\" data-hspacer=\"no_spacer\"  data-halign=\"center\" style=\"text-align:center\"><div class=\"uvc-heading-spacer no_spacer\" style=\"top\"><\/div><div class=\"uvc-main-heading ult-responsive\"  data-ultimate-target='.uvc-heading.ultimate-heading-65069fb2fd4723ef h1'  data-responsive-json-new='{\"font-size\":\"\",\"line-height\":\"\"}' ><h1 style=\"font-weight:bold;\">Yhteystiedot<\/h1><\/div><div class=\"uvc-sub-heading ult-responsive\"  data-ultimate-target='.uvc-heading.ultimate-heading-65069fb2fd4723ef .uvc-sub-heading '  data-responsive-json-new='{\"font-size\":\"desktop:24px;\",\"line-height\":\"desktop:34px;\"}'  style=\"font-weight:bold;color:#e2001a;\">Nelostien Korjaamo | K\u00e4rs\u00e4m\u00e4ki<\/p>\n<p><\/div><\/div>[\/vc_column][\/vc_row][vc_row equal_height=&#8221;yes&#8221; content_placement=&#8221;middle&#8221; css=&#8221;.vc_custom_1560850714045{margin-bottom: -60px !important;}&#8221;][vc_column width=&#8221;1\/2&#8243;]<div id=\"ultimate-heading-85969fb2fd472462\" class=\"uvc-heading ult-adjust-bottom-margin ultimate-heading-85969fb2fd472462 uvc-5145 accent-title-color color-title\" data-hspacer=\"no_spacer\"  data-halign=\"left\" style=\"text-align:left\"><div class=\"uvc-heading-spacer no_spacer\" style=\"top\"><\/div><div class=\"uvc-main-heading ult-responsive\"  data-ultimate-target='.uvc-heading.ultimate-heading-85969fb2fd472462 h2'  data-responsive-json-new='{\"font-size\":\"desktop:24px;\",\"line-height\":\"desktop:28px;\"}' ><h2 style=\"--font-weight:theme;margin-bottom:20px;\">Olemme avoinna<\/h2><\/div><div class=\"uvc-sub-heading ult-responsive\"  data-ultimate-target='.uvc-heading.ultimate-heading-85969fb2fd472462 .uvc-sub-heading '  data-responsive-json-new='{\"font-size\":\"desktop:15px;\",\"line-height\":\"\"}'  style=\"font-weight:normal;margin-bottom:20px;\">Korjaamo on auki arkisin klo 8-16.<br \/>\nMuina aikoina korjaamo on auki sopimuksen mukaan.<\/div><\/div><div id=\"ultimate-heading-216169fb2fd4724b5\" class=\"uvc-heading ult-adjust-bottom-margin ultimate-heading-216169fb2fd4724b5 uvc-5605 accent-title-color color-title\" data-hspacer=\"no_spacer\"  data-halign=\"left\" style=\"text-align:left\"><div class=\"uvc-heading-spacer no_spacer\" style=\"top\"><\/div><div class=\"uvc-main-heading ult-responsive\"  data-ultimate-target='.uvc-heading.ultimate-heading-216169fb2fd4724b5 h2'  data-responsive-json-new='{\"font-size\":\"desktop:24px;\",\"line-height\":\"desktop:28px;\"}' ><h2 style=\"--font-weight:theme;margin-bottom:20px;\">Sijaintimme<\/h2><\/div><div class=\"uvc-sub-heading ult-responsive\"  data-ultimate-target='.uvc-heading.ultimate-heading-216169fb2fd4724b5 .uvc-sub-heading '  data-responsive-json-new='{\"font-size\":\"desktop:15px;\",\"line-height\":\"\"}'  style=\"font-weight:normal;margin-bottom:20px;\"><\/p>\n<p style=\"text-align: left;\">Toimitilamme sijaitsevat k\u00e4tev\u00e4sti Nelostien varrella K\u00e4rs\u00e4m\u00e4ell\u00e4, noin 123 kilometri\u00e4 Oulusta etel\u00e4\u00e4n, osoitteessa <strong>Suomelantie 3, 86710 K\u00e4rs\u00e4m\u00e4ki<\/strong><\/p>\n<p><\/div><\/div><div id=\"ultimate-heading-733269fb2fd4724fd\" class=\"uvc-heading ult-adjust-bottom-margin ultimate-heading-733269fb2fd4724fd uvc-7981 accent-title-color color-title\" data-hspacer=\"no_spacer\"  data-halign=\"left\" style=\"text-align:left\"><div class=\"uvc-heading-spacer no_spacer\" style=\"top\"><\/div><div class=\"uvc-main-heading ult-responsive\"  data-ultimate-target='.uvc-heading.ultimate-heading-733269fb2fd4724fd h2'  data-responsive-json-new='{\"font-size\":\"desktop:24px;\",\"line-height\":\"desktop:28px;\"}' ><h2 style=\"--font-weight:theme;margin-bottom:20px;\">S\u00e4hk\u00f6posti<\/h2><\/div><div class=\"uvc-sub-heading ult-responsive\"  data-ultimate-target='.uvc-heading.ultimate-heading-733269fb2fd4724fd .uvc-sub-heading '  data-responsive-json-new='{\"font-size\":\"desktop:16px;\",\"line-height\":\"desktop:28px;\"}'  style=\"font-weight:normal;margin-bottom:20px;\">info@nelostienkorjaamo.fi<\/div><\/div>[\/vc_column][vc_column width=&#8221;1\/2&#8243; css=&#8221;.vc_custom_1560851109721{margin-bottom: 60px !important;padding-top: 10px !important;}&#8221;]<div id=\"ultimate-heading-471869fb2fd472545\" class=\"uvc-heading ult-adjust-bottom-margin ultimate-heading-471869fb2fd472545 uvc-5662 accent-title-color color-title\" data-hspacer=\"no_spacer\"  data-halign=\"left\" style=\"text-align:left\"><div class=\"uvc-heading-spacer no_spacer\" style=\"top\"><\/div><div class=\"uvc-main-heading ult-responsive\"  data-ultimate-target='.uvc-heading.ultimate-heading-471869fb2fd472545 h2'  data-responsive-json-new='{\"font-size\":\"desktop:24px;\",\"line-height\":\"desktop:28px;\"}' ><h2 style=\"--font-weight:theme;margin-bottom:20px;\">Ty\u00f6n vastaanotto\/ myym\u00e4l\u00e4<\/h2><\/div><div class=\"uvc-sub-heading ult-responsive\"  data-ultimate-target='.uvc-heading.ultimate-heading-471869fb2fd472545 .uvc-sub-heading '  data-responsive-json-new='{\"font-size\":\"desktop:18px;\",\"line-height\":\"desktop:28px;\"}'  style=\"font-weight:bold;margin-bottom:20px;\">p. 044 706 6500<\/div><\/div><div id=\"ultimate-heading-163469fb2fd4725b2\" class=\"uvc-heading ult-adjust-bottom-margin ultimate-heading-163469fb2fd4725b2 uvc-3616 accent-title-color color-title\" data-hspacer=\"no_spacer\"  data-halign=\"left\" style=\"text-align:left\"><div class=\"uvc-heading-spacer no_spacer\" style=\"top\"><\/div><div class=\"uvc-main-heading ult-responsive\"  data-ultimate-target='.uvc-heading.ultimate-heading-163469fb2fd4725b2 h2'  data-responsive-json-new='{\"font-size\":\"desktop:24px;\",\"line-height\":\"desktop:28px;\"}' ><h2 style=\"--font-weight:theme;margin-bottom:20px;\">P\u00e4ivystyspuhelin<\/h2><\/div><div class=\"uvc-sub-heading ult-responsive\"  data-ultimate-target='.uvc-heading.ultimate-heading-163469fb2fd4725b2 .uvc-sub-heading '  data-responsive-json-new='{\"font-size\":\"desktop:18px;\",\"line-height\":\"desktop:28px;\"}'  style=\"font-weight:bold;margin-bottom:20px;\">p. 046 922 5066<\/p>\n<p><\/div><\/div><div id=\"ultimate-heading-334769fb2fd472605\" class=\"uvc-heading ult-adjust-bottom-margin ultimate-heading-334769fb2fd472605 uvc-1420 accent-title-color color-title\" data-hspacer=\"no_spacer\"  data-halign=\"left\" style=\"text-align:left\"><div class=\"uvc-heading-spacer no_spacer\" style=\"top\"><\/div><div class=\"uvc-main-heading ult-responsive\"  data-ultimate-target='.uvc-heading.ultimate-heading-334769fb2fd472605 h2'  data-responsive-json-new='{\"font-size\":\"desktop:24px;\",\"line-height\":\"desktop:28px;\"}' ><h2 style=\"--font-weight:theme;margin-bottom:20px;\">Korjaamo<\/h2><\/div><div class=\"uvc-sub-heading ult-responsive\"  data-ultimate-target='.uvc-heading.ultimate-heading-334769fb2fd472605 .uvc-sub-heading '  data-responsive-json-new='{\"font-size\":\"desktop:18px;\",\"line-height\":\"desktop:28px;\"}'  style=\"font-weight:bold;margin-bottom:20px;\">p. 044 706 6400<\/p>\n<p><\/div><\/div>[\/vc_column][\/vc_row][vc_row css=&#8221;.vc_custom_1571130117344{padding-top: 70px !important;}&#8221;][vc_column][vc_gmaps link=&#8221;#E-8_JTNDaWZyYW1lJTIwc3JjJTNEJTIyaHR0cHMlM0ElMkYlMkZ3d3cuZ29vZ2xlLmNvbSUyRm1hcHMlMkZlbWJlZCUzRnBiJTNEJTIxMW0xOCUyMTFtMTIlMjExbTMlMjExZDE3NTAuMDY3OTExNTEzMjEyMyUyMTJkMjUuNzUyMzI3MDc4MjMzMzc4JTIxM2Q2My45ODMyNzU0NzcxOTI2NSUyMTJtMyUyMTFmMCUyMTJmMCUyMTNmMCUyMTNtMiUyMTFpMTAyNCUyMTJpNzY4JTIxNGYxMy4xJTIxM20zJTIxMW0yJTIxMXMweDQ2ODE2NzMxNzg5NTA0MTMlMjUzQTB4YjZmOWU3YzEwODZmMjcyMCUyMTJ6VTNWdmJXVnNZVzUwYVdVZ015d2dPRFkzTVRBZ1M4T2tjblBEcEczRHBHdHAlMjE1ZTAlMjEzbTIlMjExc2ZpJTIxMnNmaSUyMTR2MTc2MTczODQwODYyNyUyMTVtMiUyMTFzZmklMjEyc2ZpJTIyJTIwd2lkdGglM0QlMjIxMDAlMjUlMjIlMjBoZWlnaHQlM0QlMjI0NTAlMjIlMjBzdHlsZSUzRCUyMmJvcmRlciUzQTAlM0IlMjIlMjBhbGxvd2Z1bGxzY3JlZW4lM0QlMjIlMjIlMjBsb2FkaW5nJTNEJTIybGF6eSUyMiUyMHJlZmVycmVycG9saWN5JTNEJTIybm8tcmVmZXJyZXItd2hlbi1kb3duZ3JhZGUlMjIlM0UlM0MlMkZpZnJhbWUlM0U=&#8221; css=&#8221;&#8221;][\/vc_column][\/vc_row]<\/p>\n<\/div>","protected":false},"excerpt":{"rendered":"<p>[vc_row css=&#8221;.vc_custom_1571128872311{padding-bottom: 40px !important;}&#8221;][vc_column][\/vc_column][\/vc_row][vc_row equal_height=&#8221;yes&#8221; content_placement=&#8221;middle&#8221; css=&#8221;.vc_custom_1560850714045{margin-bottom: -60px !important;}&#8221;][vc_column width=&#8221;1\/2&#8243;][\/vc_column][vc_column width=&#8221;1\/2&#8243; css=&#8221;.vc_custom_1560851109721{margin-bottom: 60px !important;padding-top: 10px !important;}&#8221;][\/vc_column][\/vc_row][vc_row css=&#8221;.vc_custom_1571130117344{padding-top: 70px !important;}&#8221;][vc_column][vc_gmaps link=&#8221;#E-8_JTNDaWZyYW1lJTIwc3JjJTNEJTIyaHR0cHMlM0ElMkYlMkZ3d3cuZ29vZ2xlLmNvbSUyRm1hcHMlMkZlbWJlZCUzRnBiJTNEJTIxMW0xOCUyMTFtMTIlMjExbTMlMjExZDE3NTAuMDY3OTExNTEzMjEyMyUyMTJkMjUuNzUyMzI3MDc4MjMzMzc4JTIxM2Q2My45ODMyNzU0NzcxOTI2NSUyMTJtMyUyMTFmMCUyMTJmMCUyMTNmMCUyMTNtMiUyMTFpMTAyNCUyMTJpNzY4JTIxNGYxMy4xJTIxM20zJTIxMW0yJTIxMXMweDQ2ODE2NzMxNzg5NTA0MTMlMjUzQTB4YjZmOWU3YzEwODZmMjcyMCUyMTJ6VTNWdmJXVnNZVzUwYVdVZ015d2dPRFkzTVRBZ1M4T2tjblBEcEczRHBHdHAlMjE1ZTAlMjEzbTIlMjExc2ZpJTIxMnNmaSUyMTR2MTc2MTczODQwODYyNyUyMTVtMiUyMTFzZmklMjEyc2ZpJTIyJTIwd2lkdGglM0QlMjIxMDAlMjUlMjIlMjBoZWlnaHQlM0QlMjI0NTAlMjIlMjBzdHlsZSUzRCUyMmJvcmRlciUzQTAlM0IlMjIlMjBhbGxvd2Z1bGxzY3JlZW4lM0QlMjIlMjIlMjBsb2FkaW5nJTNEJTIybGF6eSUyMiUyMHJlZmVycmVycG9saWN5JTNEJTIybm8tcmVmZXJyZXItd2hlbi1kb3duZ3JhZGUlMjIlM0UlM0MlMkZpZnJhbWUlM0U=&#8221; css=&#8221;&#8221;][\/vc_column][\/vc_row]<\/p>\n","protected":false},"author":1,"featured_media":0,"parent":0,"menu_order":70,"comment_status":"closed","ping_status":"closed","template":"","meta":{"footnotes":""},"class_list":["post-260","page","type-page","status-publish","hentry","description-off"],"_links":{"self":[{"href":"https:\/\/www.nelostienkorjaamo.fi\/www\/wp-json\/wp\/v2\/pages\/260","targetHints":{"allow":["GET"]}}],"collection":[{"href":"https:\/\/www.nelostienkorjaamo.fi\/www\/wp-json\/wp\/v2\/pages"}],"about":[{"href":"https:\/\/www.nelostienkorjaamo.fi\/www\/wp-json\/wp\/v2\/types\/page"}],"author":[{"embeddable":true,"href":"https:\/\/www.nelostienkorjaamo.fi\/www\/wp-json\/wp\/v2\/users\/1"}],"replies":[{"embeddable":true,"href":"https:\/\/www.nelostienkorjaamo.fi\/www\/wp-json\/wp\/v2\/comments?post=260"}],"version-history":[{"count":24,"href":"https:\/\/www.nelostienkorjaamo.fi\/www\/wp-json\/wp\/v2\/pages\/260\/revisions"}],"predecessor-version":[{"id":2322,"href":"https:\/\/www.nelostienkorjaamo.fi\/www\/wp-json\/wp\/v2\/pages\/260\/revisions\/2322"}],"wp:attachment":[{"href":"https:\/\/www.nelostienkorjaamo.fi\/www\/wp-json\/wp\/v2\/media?parent=260"}],"curies":[{"name":"wp","href":"https:\/\/api.w.org\/{rel}","templated":true}]}}